{"id":15,"date":"2015-08-11T10:20:43","date_gmt":"2015-08-11T10:20:43","guid":{"rendered":"http:\/\/de.konradin.se.intra.ev-ma.net\/?page_id=15"},"modified":"2023-01-25T13:29:55","modified_gmt":"2023-01-25T13:29:55","slug":"impressum","status":"publish","type":"page","link":"http:\/\/staging.konradin.datenkasten.de\/de\/impressum\/","title":{"rendered":"Impressum"},"content":{"rendered":"<p>Konradin Business GmbH<br \/>\nErnst-Mey-Stra\u00dfe 8<br \/>\n70771 Leinfelden-Echterdingen<\/p>\n<p>Vertreten durch die Gesch\u00e4ftsf\u00fchrer:<br \/>\nPeter Dilger, Veit Johanning<br \/>\nAmtsgericht Stuttgart HRB 224875<\/p>\n<p><strong>F\u00fcr alle allgemeinen Anfragen wenden Sie sich bitten an +49 711 7594-0<br \/>\nSie erhalten Hefte von uns oder haben Fragen zu Ihrem Abo, dann wenden Sie sich bitte an +49 711 7594-233<\/strong><\/p>\n<p>F\u00fcr den In\u00adhalt ver\u00adant\u00adwort\u00adlich im Sin\u00adne von \u00a7 18 Medienstaatsvertrag (MStV):<br \/>\nAndrea Stegemann, Phone: +49 711 7594-0<\/p>\n<p>Umsatzsteuer-Identifikationsnummer<br \/>\ngem\u00e4\u00df \u00a727a UStG: DE 811 985 951<\/p>\n<p>Online-Streitbeilegung gem\u00e4\u00df Art. 14 Abs. 1 der Verordnung (EU) Nr. 524\/2013) und Verbraucherstreitbeilegung nach \u00a7 36 Abs. 1 VSBG (Verbraucherstreitbeilegungsgesetz):<br \/>\nDie Europ\u00e4ische Kommission stellt eine Plattform zur Online-Streitbeilegung (OS) bereit, die Sie unter <a href=\"http:\/\/ec.europa.eu\/odr\" target=\"_blank\" rel=\"noopener noreferrer\">http:\/\/ec.europa.eu\/odr<\/a> finden.<br \/>\nUnsere E-Mail-Adresse lautet: <a href=\"mailto:verbraucherschutz@konradin.de\">verbraucherschutz@konradin.de <\/a><br \/>\nWir sind derzeit nicht bereit, an dem Streitbeilegungsverfahren vor einer Verbraucherschlichtungsstelle teilzunehmen.<\/p>\n<p>Haftungshinweis:<br \/>\nWir haben keinen Einfluss auf den Inhalt anderer Webseiten, auf die durch externe Links von unserer Webseite verwiesen wird. F\u00fcr den Inhalt der verlinkten Seiten sind ausschlie\u00dflich deren Betreiber verantwortlich. Wir machen uns die Inhalte solcher Webseiten auch nicht zu eigen und haften f\u00fcr solche Inhalte nicht. Eine Verwertung der urheberrechtlich gesch\u00fctzten Beitr\u00e4ge, Bilder und sonstige Werke, insbesondere durch Vervielf\u00e4ltigung und Verbreitung \u2013 auch in elektronischer Form \u2013, ist ohne unsere vorherige schriftliche Zustimmung untersagt.<\/p>\n","protected":false},"excerpt":{"rendered":"<p>Konradin Business GmbH Ernst-Mey-Stra\u00dfe 8 70771 Leinfelden-Echterdingen Vertreten durch die Gesch\u00e4ftsf\u00fchrer: Peter Dilger, Veit Johanning Amtsgericht Stuttgart HRB 224875 F\u00fcr alle allgemeinen Anfragen wenden Sie sich bitten an +49 711 7594-0 Sie erhalten Hefte von uns oder haben Fragen zu Ihrem Abo, dann wenden Sie sich bitte an +49 711 7594-233 F\u00fcr den In\u00adhalt ver\u00adant\u00adwort\u00adlich [&hellip;]<\/p>\n","protected":false},"author":1,"featured_media":1171,"parent":0,"menu_order":1200,"comment_status":"closed","ping_status":"closed","template":"","meta":[],"_links":{"self":[{"href":"http:\/\/staging.konradin.datenkasten.de\/de\/wp-json\/wp\/v2\/pages\/15"}],"collection":[{"href":"http:\/\/staging.konradin.datenkasten.de\/de\/wp-json\/wp\/v2\/pages"}],"about":[{"href":"http:\/\/staging.konradin.datenkasten.de\/de\/wp-json\/wp\/v2\/types\/page"}],"author":[{"embeddable":true,"href":"http:\/\/staging.konradin.datenkasten.de\/de\/wp-json\/wp\/v2\/users\/1"}],"replies":[{"embeddable":true,"href":"http:\/\/staging.konradin.datenkasten.de\/de\/wp-json\/wp\/v2\/comments?post=15"}],"version-history":[{"count":19,"href":"http:\/\/staging.konradin.datenkasten.de\/de\/wp-json\/wp\/v2\/pages\/15\/revisions"}],"predecessor-version":[{"id":5120,"href":"http:\/\/staging.konradin.datenkasten.de\/de\/wp-json\/wp\/v2\/pages\/15\/revisions\/5120"}],"wp:featuredmedia":[{"embeddable":true,"href":"http:\/\/staging.konradin.datenkasten.de\/de\/wp-json\/wp\/v2\/media\/1171"}],"wp:attachment":[{"href":"http:\/\/staging.konradin.datenkasten.de\/de\/wp-json\/wp\/v2\/media?parent=15"}],"curies":[{"name":"wp","href":"https:\/\/api.w.org\/{rel}","templated":true}]}}