{"id":330,"date":"2015-09-23T11:28:37","date_gmt":"2015-09-23T11:28:37","guid":{"rendered":"http:\/\/www.konradin.datenkasten.de\/de\/?page_id=330"},"modified":"2022-07-29T12:28:55","modified_gmt":"2022-07-29T12:28:55","slug":"events","status":"publish","type":"page","link":"http:\/\/staging.konradin.datenkasten.de\/de\/dienstleistungen\/events\/","title":{"rendered":"Fach-Events mit Konradin"},"content":{"rendered":"<p>Unsere Kompetenz liegt in der Konzeption und Umsetzung von <strong>niveauvollen Fachevents<\/strong> in unseren Bereichen Architektur, Industrie, Handwerk, Augenoptik, Genuss und Wissen. Unabh\u00e4ngig davon, ob als Verlags- oder als kundenindividuelle Veranstaltung, schaffen wir ideale Gelegenheiten f\u00fcr Wissenstransfer, fachlichen Austausch und pers\u00f6nliche Kontakte.<\/p>\n<p><strong>Unsere Fachredaktionen <\/strong>konzipieren Events zu aktuellen Themen ihrer Branchen oder kooperieren mit anderen Marktteilnehmern zur Realisierung spezieller Veranstaltungsformate. Sie verantworten dabei die inhaltliche Qualit\u00e4t und \u00fcbernehmen Aufgaben wie die Moderation vor Ort. Anbieter k\u00f6nnen sich im Rahmen von Sponsoringpaketen beteiligen.<\/p>\n<p>Konradin Relations bietet die ganz <strong>kundenindividuelle Konzeption und Umsetzung<\/strong>\u00a0von Events: ob Vortragsabend mit lockerem Get-together oder ganzt\u00e4giges Fachseminar, ob exklusives Einzelevent oder Veranstaltungsreihe f\u00fcr mehrere Kunden \u2013 f\u00fcr jeden Anspruch wird das passende Konzept ma\u00dfgeschneidert.<\/p>\n","protected":false},"excerpt":{"rendered":"<p>Unsere Kompetenz liegt in der Konzeption und Umsetzung von niveauvollen Fachevents in unseren Bereichen Architektur, Industrie, Handwerk, Augenoptik, Genuss und Wissen. Unabh\u00e4ngig davon, ob als Verlags- oder als kundenindividuelle Veranstaltung, schaffen wir ideale Gelegenheiten f\u00fcr Wissenstransfer, fachlichen Austausch und pers\u00f6nliche Kontakte. Unsere Fachredaktionen konzipieren Events zu aktuellen Themen ihrer Branchen oder kooperieren mit anderen Marktteilnehmern [&hellip;]<\/p>\n","protected":false},"author":3,"featured_media":640,"parent":6,"menu_order":0,"comment_status":"closed","ping_status":"closed","template":"pages\/template-dienstleistung.php","meta":[],"_links":{"self":[{"href":"http:\/\/staging.konradin.datenkasten.de\/de\/wp-json\/wp\/v2\/pages\/330"}],"collection":[{"href":"http:\/\/staging.konradin.datenkasten.de\/de\/wp-json\/wp\/v2\/pages"}],"about":[{"href":"http:\/\/staging.konradin.datenkasten.de\/de\/wp-json\/wp\/v2\/types\/page"}],"author":[{"embeddable":true,"href":"http:\/\/staging.konradin.datenkasten.de\/de\/wp-json\/wp\/v2\/users\/3"}],"replies":[{"embeddable":true,"href":"http:\/\/staging.konradin.datenkasten.de\/de\/wp-json\/wp\/v2\/comments?post=330"}],"version-history":[{"count":39,"href":"http:\/\/staging.konradin.datenkasten.de\/de\/wp-json\/wp\/v2\/pages\/330\/revisions"}],"predecessor-version":[{"id":5064,"href":"http:\/\/staging.konradin.datenkasten.de\/de\/wp-json\/wp\/v2\/pages\/330\/revisions\/5064"}],"up":[{"embeddable":true,"href":"http:\/\/staging.konradin.datenkasten.de\/de\/wp-json\/wp\/v2\/pages\/6"}],"wp:featuredmedia":[{"embeddable":true,"href":"http:\/\/staging.konradin.datenkasten.de\/de\/wp-json\/wp\/v2\/media\/640"}],"wp:attachment":[{"href":"http:\/\/staging.konradin.datenkasten.de\/de\/wp-json\/wp\/v2\/media?parent=330"}],"curies":[{"name":"wp","href":"https:\/\/api.w.org\/{rel}","templated":true}]}}