{"id":37,"date":"2015-08-11T10:49:18","date_gmt":"2015-08-11T10:49:18","guid":{"rendered":"http:\/\/de.konradin.se.intra.ev-ma.net\/?page_id=37"},"modified":"2023-01-02T15:15:49","modified_gmt":"2023-01-02T15:15:49","slug":"start","status":"publish","type":"page","link":"http:\/\/staging.konradin.datenkasten.de\/de\/","title":{"rendered":"Konradin<span>informiert und inspiriert<\/span>"},"content":{"rendered":"<p>Die Konradin Mediengruppe geh\u00f6rt mit \u00fcber 500 Mitarbeitern zu den gr\u00f6\u00dften Anbietern von Fachinformationen im deutschsprachigen Raum. Das Portfolio des 1929 von Robert Kohlhammer gegr\u00fcndeten Unternehmens umfasst eine Vielzahl an Fachmedien, Wissensmagazinen, Online-Portalen und Fachveranstaltungen. Erg\u00e4nzt wird das Medienangebot durch Dienstleistungen von Corporate Publishing bis Druck.<\/p>\n","protected":false},"excerpt":{"rendered":"<p>Die Konradin Mediengruppe geh\u00f6rt mit \u00fcber 500 Mitarbeitern zu den gr\u00f6\u00dften Anbietern von Fachinformationen im deutschsprachigen Raum. Das Portfolio des 1929 von Robert Kohlhammer gegr\u00fcndeten Unternehmens umfasst eine Vielzahl an Fachmedien, Wissensmagazinen, Online-Portalen und Fachveranstaltungen. Erg\u00e4nzt wird das Medienangebot durch Dienstleistungen von Corporate Publishing bis Druck.<\/p>\n","protected":false},"author":1,"featured_media":1171,"parent":0,"menu_order":0,"comment_status":"closed","ping_status":"closed","template":"pages\/template-home.php","meta":[],"_links":{"self":[{"href":"http:\/\/staging.konradin.datenkasten.de\/de\/wp-json\/wp\/v2\/pages\/37"}],"collection":[{"href":"http:\/\/staging.konradin.datenkasten.de\/de\/wp-json\/wp\/v2\/pages"}],"about":[{"href":"http:\/\/staging.konradin.datenkasten.de\/de\/wp-json\/wp\/v2\/types\/page"}],"author":[{"embeddable":true,"href":"http:\/\/staging.konradin.datenkasten.de\/de\/wp-json\/wp\/v2\/users\/1"}],"replies":[{"embeddable":true,"href":"http:\/\/staging.konradin.datenkasten.de\/de\/wp-json\/wp\/v2\/comments?post=37"}],"version-history":[{"count":104,"href":"http:\/\/staging.konradin.datenkasten.de\/de\/wp-json\/wp\/v2\/pages\/37\/revisions"}],"predecessor-version":[{"id":5106,"href":"http:\/\/staging.konradin.datenkasten.de\/de\/wp-json\/wp\/v2\/pages\/37\/revisions\/5106"}],"wp:featuredmedia":[{"embeddable":true,"href":"http:\/\/staging.konradin.datenkasten.de\/de\/wp-json\/wp\/v2\/media\/1171"}],"wp:attachment":[{"href":"http:\/\/staging.konradin.datenkasten.de\/de\/wp-json\/wp\/v2\/media?parent=37"}],"curies":[{"name":"wp","href":"https:\/\/api.w.org\/{rel}","templated":true}]}}