{"id":395,"date":"2015-09-28T07:28:16","date_gmt":"2015-09-28T07:28:16","guid":{"rendered":"http:\/\/www.konradin.datenkasten.de\/de\/?page_id=395"},"modified":"2020-07-29T08:26:12","modified_gmt":"2020-07-29T08:26:12","slug":"druck-medienproduktion","status":"publish","type":"page","link":"http:\/\/staging.konradin.datenkasten.de\/de\/dienstleistungen\/druck-medienproduktion\/","title":{"rendered":"Druck \/ Medienproduktion"},"content":{"rendered":"<p>Konradin Druck ist Ihr <strong>leistungsstarker Partner<\/strong> rund um den Druck. Am Standort Leinfelden bei Stuttgart k\u00fcmmern sich fast 150 Mitarbeiter um die zuverl\u00e4ssige Abwicklung Ihrer Druck- und Medienauftr\u00e4ge.<\/p>\n<p>Unsere Leistungen beginnen bereits weit vor dem eigentlichen Druck. Wie umfangreich wir dabei f\u00fcr Sie t\u00e4tig werden, liegt allein bei Ihnen:<\/p>\n<p>Von der <strong>innovativen Medienvorstufe<\/strong> und einer Vielzahl <strong>digitaler Dienste<\/strong> \u00fcber <strong>Rollen- oder Bogenoffset<\/strong> bis zur kompletten <strong>Weiterverarbeitung<\/strong> finden Sie immer das auf Ihre individuellen Bed\u00fcrfnisse zugeschnittene Leistungspaket.<\/p>\n<p>Konradin Druck ist Ihr Spezialist f\u00fcr<br \/>\n\u2022 Zeitschriften<br \/>\n\u2022 Kundenmagazine<br \/>\n\u2022 Kataloge<\/p>\n<p>Mehr finden Sie unter <a style=\"font-weight: 600;\" href=\"https:\/\/konradin-druck.de\" target=\"_blank\" rel=\"noopener noreferrer\">www.konradin-druck.de<\/a><\/p>\n","protected":false},"excerpt":{"rendered":"<p>Konradin Druck ist Ihr leistungsstarker Partner rund um den Druck. Am Standort Leinfelden bei Stuttgart k\u00fcmmern sich fast 150 Mitarbeiter um die zuverl\u00e4ssige Abwicklung Ihrer Druck- und Medienauftr\u00e4ge. Unsere Leistungen beginnen bereits weit vor dem eigentlichen Druck. Wie umfangreich wir dabei f\u00fcr Sie t\u00e4tig werden, liegt allein bei Ihnen: Von der innovativen Medienvorstufe und einer [&hellip;]<\/p>\n","protected":false},"author":3,"featured_media":640,"parent":6,"menu_order":0,"comment_status":"closed","ping_status":"closed","template":"pages\/template-dienstleistung.php","meta":[],"_links":{"self":[{"href":"http:\/\/staging.konradin.datenkasten.de\/de\/wp-json\/wp\/v2\/pages\/395"}],"collection":[{"href":"http:\/\/staging.konradin.datenkasten.de\/de\/wp-json\/wp\/v2\/pages"}],"about":[{"href":"http:\/\/staging.konradin.datenkasten.de\/de\/wp-json\/wp\/v2\/types\/page"}],"author":[{"embeddable":true,"href":"http:\/\/staging.konradin.datenkasten.de\/de\/wp-json\/wp\/v2\/users\/3"}],"replies":[{"embeddable":true,"href":"http:\/\/staging.konradin.datenkasten.de\/de\/wp-json\/wp\/v2\/comments?post=395"}],"version-history":[{"count":46,"href":"http:\/\/staging.konradin.datenkasten.de\/de\/wp-json\/wp\/v2\/pages\/395\/revisions"}],"predecessor-version":[{"id":4622,"href":"http:\/\/staging.konradin.datenkasten.de\/de\/wp-json\/wp\/v2\/pages\/395\/revisions\/4622"}],"up":[{"embeddable":true,"href":"http:\/\/staging.konradin.datenkasten.de\/de\/wp-json\/wp\/v2\/pages\/6"}],"wp:featuredmedia":[{"embeddable":true,"href":"http:\/\/staging.konradin.datenkasten.de\/de\/wp-json\/wp\/v2\/media\/640"}],"wp:attachment":[{"href":"http:\/\/staging.konradin.datenkasten.de\/de\/wp-json\/wp\/v2\/media?parent=395"}],"curies":[{"name":"wp","href":"https:\/\/api.w.org\/{rel}","templated":true}]}}