{"id":707,"date":"2016-01-13T07:32:26","date_gmt":"2016-01-13T07:32:26","guid":{"rendered":"http:\/\/www.konradin.datenkasten.de\/de\/?page_id=707"},"modified":"2021-10-27T13:43:10","modified_gmt":"2021-10-27T13:43:10","slug":"stellenportal","status":"publish","type":"page","link":"http:\/\/staging.konradin.datenkasten.de\/de\/dienstleistungen\/stellenportal\/","title":{"rendered":"Stellenportal"},"content":{"rendered":"<p><a href=\"http:\/\/www.fachjobs24.de\" target=\"_blank\" rel=\"noopener noreferrer\">fachjobs24.de<\/a> ist das Jobportal der Konradin Mediengruppe.<br \/>\nHinter fachjobs24.de steht ein einzigartiges Mediennetzwerk aus insgesamt\u00a065 Print- und Online-Marken mit hoher fachspezifischer Kompetenz. Die Zeitschriften und Websites werden von den Lesern und Usern vor allem als berufliche Informationsquelle genutzt und decken die wichtigsten Branchen ab. Mit der Schaltung Ihrer Stellenanzeige in einem der sechs Branchen-Channels sprechen Sie zielgruppengenau Ihre zuk\u00fcnftigen Fach- und F\u00fchrungskr\u00e4fte an.<\/p>\n<p><a href=\"https:\/\/www.konradin.de\/de\/wp-content\/uploads\/fachjobs24_Mediadaten_2022_WEB.pdf\">Hier<\/a> finden\u00a0Sie die aktuellen Mediadaten von fachjobs24.de<\/p>\n<p>&nbsp;<\/p>\n","protected":false},"excerpt":{"rendered":"<p>fachjobs24.de ist das Jobportal der Konradin Mediengruppe. Hinter fachjobs24.de steht ein einzigartiges Mediennetzwerk aus insgesamt\u00a065 Print- und Online-Marken mit hoher fachspezifischer Kompetenz. Die Zeitschriften und Websites werden von den Lesern und Usern vor allem als berufliche Informationsquelle genutzt und decken die wichtigsten Branchen ab. Mit der Schaltung Ihrer Stellenanzeige in einem der sechs Branchen-Channels sprechen [&hellip;]<\/p>\n","protected":false},"author":3,"featured_media":640,"parent":6,"menu_order":100,"comment_status":"closed","ping_status":"closed","template":"pages\/template-dienstleistung.php","meta":[],"_links":{"self":[{"href":"http:\/\/staging.konradin.datenkasten.de\/de\/wp-json\/wp\/v2\/pages\/707"}],"collection":[{"href":"http:\/\/staging.konradin.datenkasten.de\/de\/wp-json\/wp\/v2\/pages"}],"about":[{"href":"http:\/\/staging.konradin.datenkasten.de\/de\/wp-json\/wp\/v2\/types\/page"}],"author":[{"embeddable":true,"href":"http:\/\/staging.konradin.datenkasten.de\/de\/wp-json\/wp\/v2\/users\/3"}],"replies":[{"embeddable":true,"href":"http:\/\/staging.konradin.datenkasten.de\/de\/wp-json\/wp\/v2\/comments?post=707"}],"version-history":[{"count":20,"href":"http:\/\/staging.konradin.datenkasten.de\/de\/wp-json\/wp\/v2\/pages\/707\/revisions"}],"predecessor-version":[{"id":4834,"href":"http:\/\/staging.konradin.datenkasten.de\/de\/wp-json\/wp\/v2\/pages\/707\/revisions\/4834"}],"up":[{"embeddable":true,"href":"http:\/\/staging.konradin.datenkasten.de\/de\/wp-json\/wp\/v2\/pages\/6"}],"wp:featuredmedia":[{"embeddable":true,"href":"http:\/\/staging.konradin.datenkasten.de\/de\/wp-json\/wp\/v2\/media\/640"}],"wp:attachment":[{"href":"http:\/\/staging.konradin.datenkasten.de\/de\/wp-json\/wp\/v2\/media?parent=707"}],"curies":[{"name":"wp","href":"https:\/\/api.w.org\/{rel}","templated":true}]}}